{"id":352,"date":"2022-05-03T12:42:24","date_gmt":"2022-05-03T10:42:24","guid":{"rendered":"https:\/\/philatelie-stiftung.ch\/homepage\/"},"modified":"2022-09-21T08:05:37","modified_gmt":"2022-09-21T06:05:37","slug":"homepage","status":"publish","type":"page","link":"https:\/\/philatelie-stiftung.ch\/it\/","title":{"rendered":"Homepage"},"content":{"rendered":"<p><section class=\"fusion-fullwidth fullwidth-box fusion-builder-row-1 fusion-flex-container fusion-parallax-none slider-section nonhundred-percent-fullwidth non-hundred-percent-height-scrolling\" style=\"--awb-border-radius-top-left:0px;--awb-border-radius-top-right:0px;--awb-border-radius-bottom-right:0px;--awb-border-radius-bottom-left:0px;--awb-padding-top:0px;--awb-padding-right:0px;--awb-padding-bottom:0px;--awb-padding-left:0px;--awb-margin-top:0px;--awb-margin-bottom:0px;--awb-min-height:600px;--awb-background-image:url(&quot;https:\/\/philatelie-stiftung.ch\/wp-content\/uploads\/2022\/09\/startseite-background.jpg&quot;);--awb-background-size:cover;--awb-flex-wrap:wrap;\" ><div class=\"fusion-builder-row fusion-row fusion-flex-align-items-flex-start fusion-flex-content-wrap\" style=\"max-width:calc( 1200px + 0px );margin-left: calc(-0px \/ 2 );margin-right: calc(-0px \/ 2 );\"><\/div><\/section><div class=\"fusion-fullwidth fullwidth-box fusion-builder-row-2 fusion-flex-container nonhundred-percent-fullwidth non-hundred-percent-height-scrolling\" style=\"--awb-border-radius-top-left:0px;--awb-border-radius-top-right:0px;--awb-border-radius-bottom-right:0px;--awb-border-radius-bottom-left:0px;--awb-padding-top:50px;--awb-padding-bottom:30px;--awb-flex-wrap:wrap;\" ><div class=\"fusion-builder-row fusion-row fusion-flex-align-items-flex-start fusion-flex-content-wrap\" style=\"max-width:1248px;margin-left: calc(-4% \/ 2 );margin-right: calc(-4% \/ 2 );\"><div class=\"fusion-layout-column fusion_builder_column fusion-builder-column-0 fusion_builder_column_1_1 1_1 fusion-flex-column\" style=\"--awb-bg-size:cover;--awb-width-large:100%;--awb-margin-top-large:0px;--awb-spacing-right-large:1.92%;--awb-margin-bottom-large:20px;--awb-spacing-left-large:1.92%;--awb-width-medium:100%;--awb-order-medium:0;--awb-spacing-right-medium:1.92%;--awb-spacing-left-medium:1.92%;--awb-width-small:100%;--awb-order-small:0;--awb-spacing-right-small:1.92%;--awb-spacing-left-small:1.92%;\"><div class=\"fusion-column-wrapper fusion-column-has-shadow fusion-flex-justify-content-flex-start fusion-content-layout-column\"><div class=\"fusion-title title fusion-title-1 fusion-sep-none fusion-title-text fusion-title-size-two\" style=\"--awb-text-color:#141617;--awb-margin-right:20px;--awb-margin-bottom:20px;--awb-margin-left:20px;--awb-margin-right-small:20px;--awb-margin-bottom-small:20px;--awb-margin-left-small:20px;--awb-margin-right-medium:20px;--awb-margin-bottom-medium:20px;--awb-margin-left-medium:20px;--awb-font-size:26px;\"><h2 class=\"fusion-title-heading title-heading-left\" style=\"font-family:&quot;Raleway&quot;;font-style:normal;font-weight:700;margin:0;font-size:1em;\">Il fondo \u00e8 diventato una fondazione<\/h2><\/div><div class=\"fusion-text fusion-text-1\" style=\"--awb-content-alignment:left;--awb-text-color:#404040;--awb-margin-right:20px;--awb-margin-left:20px;--awb-text-font-family:&quot;PT Sans&quot;;--awb-text-font-style:normal;--awb-text-font-weight:400;\"><p>Il 1\u00b0 luglio 1965, i due partner, le societ\u00e0 svizzere PTT e la Federazione delle Societ\u00e0 Filateliche Svizzere (VSPhV), hanno fondato il Fondo per la promozione della filatelia. La Posta ha assunto la gestione, le condizioni preferenziali e l&#8217;amministrazione del capitale. Negli anni e nei decenni successivi, il Fondo \u00e8 stato all&#8217;altezza della sua pretesa di promuovere la filatelia in Svizzera in modo sostenibile, nell&#8217;ambito delle sue possibilit\u00e0 finanziarie. Al fine di porre il fondo su una base giuridica sostenibile, \u00e8 stato trasformato in una fondazione e la Fondazione per la promozione della filatelia esiste dal 10 aprile 2002. Da allora, la fondazione \u00e8 basata su un carattere no-profit. Il suo scopo \u00e8 quello di promuovere la filatelia sostenendo attivit\u00e0 che avvicinino il collezionismo di francobolli a un pubblico pi\u00f9 vasto.<\/p>\n<\/div><div style=\"text-align:left;\"><a class=\"fusion-button button-flat fusion-button-default-size button-default fusion-button-default button-1 fusion-button-default-span fusion-button-default-type btn-arrow\" style=\"--button-border-radius-top-left:0;--button-border-radius-top-right:0;--button-border-radius-bottom-right:0;--button-border-radius-bottom-left:0;--button_padding-top:0px;--button_padding-right:0px;--button_padding-bottom:30px;--button_padding-left:0px;--button_typography-font-family:&quot;PT Sans&quot;;--button_typography-font-style:normal;--button_typography-font-weight:400;--button_margin-right:20px;--button_margin-left:20px;\" target=\"_self\" href=\"#\"><span class=\"fusion-button-text awb-button__text awb-button__text--default\">di pi\u00f9<\/span><\/a><\/div><div class=\"awb-gallery-wrapper awb-gallery-wrapper-1 button-span-no\"><div style=\"margin:-5px;--awb-bordersize:0px;\" class=\"fusion-gallery fusion-gallery-container fusion-grid-3 fusion-columns-total-6 fusion-gallery-layout-grid fusion-gallery-1\"><div style=\"padding:5px;\" class=\"fusion-grid-column fusion-gallery-column fusion-gallery-column-3 hover-type-none\"><div class=\"fusion-gallery-image\"><a href=\"https:\/\/philatelie-stiftung.ch\/wp-content\/uploads\/2022\/08\/EQ5A0682-scaled.jpg\" rel=\"noreferrer\" data-rel=\"iLightbox[gallery_image_1]\" class=\"fusion-lightbox\" target=\"_self\"><img decoding=\"async\" src=\"https:\/\/philatelie-stiftung.ch\/wp-content\/uploads\/2022\/08\/EQ5A0682-scaled.jpg\" width=\"2560\" height=\"1707\" alt=\"\" title=\"EQ5A0682\" aria-label=\"EQ5A0682\" class=\"img-responsive wp-image-272\" srcset=\"https:\/\/philatelie-stiftung.ch\/wp-content\/uploads\/2022\/08\/EQ5A0682-200x133.jpg 200w, https:\/\/philatelie-stiftung.ch\/wp-content\/uploads\/2022\/08\/EQ5A0682-400x267.jpg 400w, https:\/\/philatelie-stiftung.ch\/wp-content\/uploads\/2022\/08\/EQ5A0682-600x400.jpg 600w, https:\/\/philatelie-stiftung.ch\/wp-content\/uploads\/2022\/08\/EQ5A0682-800x533.jpg 800w, https:\/\/philatelie-stiftung.ch\/wp-content\/uploads\/2022\/08\/EQ5A0682-1200x800.jpg 1200w, https:\/\/philatelie-stiftung.ch\/wp-content\/uploads\/2022\/08\/EQ5A0682-scaled.jpg 2560w\" sizes=\"(min-width: 2200px) 100vw, (min-width: 784px) 397px, (min-width: 712px) 595px, (min-width: 640px) 712px, \" \/><\/a><\/div><\/div><div style=\"padding:5px;\" class=\"fusion-grid-column fusion-gallery-column fusion-gallery-column-3 hover-type-none\"><div class=\"fusion-gallery-image\"><a href=\"https:\/\/philatelie-stiftung.ch\/wp-content\/uploads\/2022\/08\/EQ5A0549-scaled.jpg\" rel=\"noreferrer\" data-rel=\"iLightbox[gallery_image_1]\" class=\"fusion-lightbox\" target=\"_self\"><img decoding=\"async\" src=\"https:\/\/philatelie-stiftung.ch\/wp-content\/uploads\/2022\/08\/EQ5A0549-scaled.jpg\" width=\"2560\" height=\"1707\" alt=\"\" title=\"EQ5A0549\" aria-label=\"EQ5A0549\" class=\"img-responsive wp-image-273\" srcset=\"https:\/\/philatelie-stiftung.ch\/wp-content\/uploads\/2022\/08\/EQ5A0549-200x133.jpg 200w, https:\/\/philatelie-stiftung.ch\/wp-content\/uploads\/2022\/08\/EQ5A0549-400x267.jpg 400w, https:\/\/philatelie-stiftung.ch\/wp-content\/uploads\/2022\/08\/EQ5A0549-600x400.jpg 600w, https:\/\/philatelie-stiftung.ch\/wp-content\/uploads\/2022\/08\/EQ5A0549-800x533.jpg 800w, https:\/\/philatelie-stiftung.ch\/wp-content\/uploads\/2022\/08\/EQ5A0549-1200x800.jpg 1200w, https:\/\/philatelie-stiftung.ch\/wp-content\/uploads\/2022\/08\/EQ5A0549-scaled.jpg 2560w\" sizes=\"(min-width: 2200px) 100vw, (min-width: 784px) 397px, (min-width: 712px) 595px, (min-width: 640px) 712px, \" \/><\/a><\/div><\/div><div style=\"padding:5px;\" class=\"fusion-grid-column fusion-gallery-column fusion-gallery-column-3 hover-type-none\"><div class=\"fusion-gallery-image\"><a href=\"https:\/\/philatelie-stiftung.ch\/wp-content\/uploads\/2022\/08\/EQ5A0652-1-scaled.jpg\" rel=\"noreferrer\" data-rel=\"iLightbox[gallery_image_1]\" class=\"fusion-lightbox\" target=\"_self\"><img decoding=\"async\" src=\"https:\/\/philatelie-stiftung.ch\/wp-content\/uploads\/2022\/08\/EQ5A0652-1-scaled.jpg\" width=\"2560\" height=\"1707\" alt=\"\" title=\"EQ5A0652\" aria-label=\"EQ5A0652\" class=\"img-responsive wp-image-730\" srcset=\"https:\/\/philatelie-stiftung.ch\/wp-content\/uploads\/2022\/08\/EQ5A0652-1-200x133.jpg 200w, https:\/\/philatelie-stiftung.ch\/wp-content\/uploads\/2022\/08\/EQ5A0652-1-400x267.jpg 400w, https:\/\/philatelie-stiftung.ch\/wp-content\/uploads\/2022\/08\/EQ5A0652-1-600x400.jpg 600w, https:\/\/philatelie-stiftung.ch\/wp-content\/uploads\/2022\/08\/EQ5A0652-1-800x533.jpg 800w, https:\/\/philatelie-stiftung.ch\/wp-content\/uploads\/2022\/08\/EQ5A0652-1-1200x800.jpg 1200w, https:\/\/philatelie-stiftung.ch\/wp-content\/uploads\/2022\/08\/EQ5A0652-1-scaled.jpg 2560w\" sizes=\"(min-width: 2200px) 100vw, (min-width: 784px) 397px, (min-width: 712px) 595px, (min-width: 640px) 712px, \" \/><\/a><\/div><\/div><div class=\"clearfix\"><\/div><div style=\"padding:5px;\" class=\"fusion-grid-column fusion-gallery-column fusion-gallery-column-3 hover-type-none\"><div class=\"fusion-gallery-image\"><a href=\"https:\/\/philatelie-stiftung.ch\/wp-content\/uploads\/2022\/08\/EQ5A0562-scaled.jpg\" rel=\"noreferrer\" data-rel=\"iLightbox[gallery_image_1]\" class=\"fusion-lightbox\" target=\"_self\"><img decoding=\"async\" src=\"https:\/\/philatelie-stiftung.ch\/wp-content\/uploads\/2022\/08\/EQ5A0562-scaled.jpg\" width=\"2560\" height=\"1707\" alt=\"\" title=\"EQ5A0562\" aria-label=\"EQ5A0562\" class=\"img-responsive wp-image-277\" srcset=\"https:\/\/philatelie-stiftung.ch\/wp-content\/uploads\/2022\/08\/EQ5A0562-200x133.jpg 200w, https:\/\/philatelie-stiftung.ch\/wp-content\/uploads\/2022\/08\/EQ5A0562-400x267.jpg 400w, https:\/\/philatelie-stiftung.ch\/wp-content\/uploads\/2022\/08\/EQ5A0562-600x400.jpg 600w, https:\/\/philatelie-stiftung.ch\/wp-content\/uploads\/2022\/08\/EQ5A0562-800x533.jpg 800w, https:\/\/philatelie-stiftung.ch\/wp-content\/uploads\/2022\/08\/EQ5A0562-1200x800.jpg 1200w, https:\/\/philatelie-stiftung.ch\/wp-content\/uploads\/2022\/08\/EQ5A0562-scaled.jpg 2560w\" sizes=\"(min-width: 2200px) 100vw, (min-width: 784px) 397px, (min-width: 712px) 595px, (min-width: 640px) 712px, \" \/><\/a><\/div><\/div><div style=\"padding:5px;\" class=\"fusion-grid-column fusion-gallery-column fusion-gallery-column-3 hover-type-none\"><div class=\"fusion-gallery-image\"><a href=\"https:\/\/philatelie-stiftung.ch\/wp-content\/uploads\/2022\/08\/EQ5A1509.jpg\" rel=\"noreferrer\" data-rel=\"iLightbox[gallery_image_1]\" class=\"fusion-lightbox\" target=\"_self\"><img decoding=\"async\" src=\"https:\/\/philatelie-stiftung.ch\/wp-content\/uploads\/2022\/08\/EQ5A1509.jpg\" width=\"1929\" height=\"1288\" alt=\"\" title=\"EQ5A1509\" aria-label=\"EQ5A1509\" class=\"img-responsive wp-image-583\" srcset=\"https:\/\/philatelie-stiftung.ch\/wp-content\/uploads\/2022\/08\/EQ5A1509-200x134.jpg 200w, https:\/\/philatelie-stiftung.ch\/wp-content\/uploads\/2022\/08\/EQ5A1509-400x267.jpg 400w, https:\/\/philatelie-stiftung.ch\/wp-content\/uploads\/2022\/08\/EQ5A1509-600x401.jpg 600w, https:\/\/philatelie-stiftung.ch\/wp-content\/uploads\/2022\/08\/EQ5A1509-800x534.jpg 800w, https:\/\/philatelie-stiftung.ch\/wp-content\/uploads\/2022\/08\/EQ5A1509-1200x801.jpg 1200w, https:\/\/philatelie-stiftung.ch\/wp-content\/uploads\/2022\/08\/EQ5A1509.jpg 1929w\" sizes=\"(min-width: 2200px) 100vw, (min-width: 784px) 397px, (min-width: 712px) 595px, (min-width: 640px) 712px, \" \/><\/a><\/div><\/div><div style=\"padding:5px;\" class=\"fusion-grid-column fusion-gallery-column fusion-gallery-column-3 hover-type-none\"><div class=\"fusion-gallery-image\"><a href=\"https:\/\/philatelie-stiftung.ch\/wp-content\/uploads\/2022\/08\/EQ5A1511.jpg\" rel=\"noreferrer\" data-rel=\"iLightbox[gallery_image_1]\" class=\"fusion-lightbox\" target=\"_self\"><img decoding=\"async\" src=\"https:\/\/philatelie-stiftung.ch\/wp-content\/uploads\/2022\/08\/EQ5A1511.jpg\" width=\"1028\" height=\"1778\" alt=\"\" title=\"EQ5A1511\" aria-label=\"EQ5A1511\" class=\"img-responsive wp-image-580\" srcset=\"https:\/\/philatelie-stiftung.ch\/wp-content\/uploads\/2022\/08\/EQ5A1511-200x346.jpg 200w, https:\/\/philatelie-stiftung.ch\/wp-content\/uploads\/2022\/08\/EQ5A1511-400x692.jpg 400w, https:\/\/philatelie-stiftung.ch\/wp-content\/uploads\/2022\/08\/EQ5A1511-600x1038.jpg 600w, https:\/\/philatelie-stiftung.ch\/wp-content\/uploads\/2022\/08\/EQ5A1511-800x1384.jpg 800w, https:\/\/philatelie-stiftung.ch\/wp-content\/uploads\/2022\/08\/EQ5A1511.jpg 1028w\" sizes=\"(min-width: 2200px) 100vw, (min-width: 784px) 397px, (min-width: 712px) 595px, (min-width: 640px) 712px, \" \/><\/a><\/div><\/div><div class=\"clearfix\"><\/div><\/div><\/div><\/div><\/div><\/div><\/div><\/p>\n","protected":false},"excerpt":{"rendered":"","protected":false},"author":1,"featured_media":0,"parent":0,"menu_order":0,"comment_status":"closed","ping_status":"closed","template":"","meta":{"footnotes":""},"class_list":["post-352","page","type-page","status-publish","hentry"],"yoast_head":"<!-- This site is optimized with the Yoast SEO plugin v27.2 - https:\/\/yoast.com\/product\/yoast-seo-wordpress\/ -->\n<title>Homepage - Stiftung zur F\u00f6rderung der Philatelie<\/title>\n<meta name=\"robots\" content=\"index, follow, max-snippet:-1, max-image-preview:large, max-video-preview:-1\" \/>\n<link rel=\"canonical\" href=\"https:\/\/philatelie-stiftung.ch\/it\/homepage\/\" \/>\n<meta property=\"og:locale\" content=\"it_IT\" \/>\n<meta property=\"og:type\" content=\"article\" \/>\n<meta property=\"og:title\" content=\"Homepage - Stiftung zur F\u00f6rderung der Philatelie\" \/>\n<meta property=\"og:url\" content=\"https:\/\/philatelie-stiftung.ch\/it\/homepage\/\" \/>\n<meta property=\"og:site_name\" content=\"Stiftung zur F\u00f6rderung der Philatelie\" \/>\n<meta property=\"article:modified_time\" content=\"2022-09-21T06:05:37+00:00\" \/>\n<meta name=\"twitter:card\" content=\"summary_large_image\" \/>\n<meta name=\"twitter:label1\" content=\"Tempo di lettura stimato\" \/>\n\t<meta name=\"twitter:data1\" content=\"6 minuti\" \/>\n<script type=\"application\/ld+json\" class=\"yoast-schema-graph\">{\"@context\":\"https:\/\/schema.org\",\"@graph\":[{\"@type\":\"WebPage\",\"@id\":\"https:\/\/philatelie-stiftung.ch\/it\/homepage\/\",\"url\":\"https:\/\/philatelie-stiftung.ch\/it\/homepage\/\",\"name\":\"Homepage - Stiftung zur F\u00f6rderung der Philatelie\",\"isPartOf\":{\"@id\":\"https:\/\/philatelie-stiftung.ch\/#website\"},\"datePublished\":\"2022-05-03T10:42:24+00:00\",\"dateModified\":\"2022-09-21T06:05:37+00:00\",\"breadcrumb\":{\"@id\":\"https:\/\/philatelie-stiftung.ch\/it\/homepage\/#breadcrumb\"},\"inLanguage\":\"it-IT\",\"potentialAction\":[{\"@type\":\"ReadAction\",\"target\":[\"https:\/\/philatelie-stiftung.ch\/it\/homepage\/\"]}]},{\"@type\":\"BreadcrumbList\",\"@id\":\"https:\/\/philatelie-stiftung.ch\/it\/homepage\/#breadcrumb\",\"itemListElement\":[{\"@type\":\"ListItem\",\"position\":1,\"name\":\"Startseite\",\"item\":\"https:\/\/philatelie-stiftung.ch\/it\/homepage\/\"},{\"@type\":\"ListItem\",\"position\":2,\"name\":\"Homepage\"}]},{\"@type\":\"WebSite\",\"@id\":\"https:\/\/philatelie-stiftung.ch\/#website\",\"url\":\"https:\/\/philatelie-stiftung.ch\/\",\"name\":\"Stiftung zur F\u00f6rderung der Philatelie\",\"description\":\"\",\"publisher\":{\"@id\":\"https:\/\/philatelie-stiftung.ch\/#organization\"},\"potentialAction\":[{\"@type\":\"SearchAction\",\"target\":{\"@type\":\"EntryPoint\",\"urlTemplate\":\"https:\/\/philatelie-stiftung.ch\/?s={search_term_string}\"},\"query-input\":{\"@type\":\"PropertyValueSpecification\",\"valueRequired\":true,\"valueName\":\"search_term_string\"}}],\"inLanguage\":\"it-IT\"},{\"@type\":\"Organization\",\"@id\":\"https:\/\/philatelie-stiftung.ch\/#organization\",\"name\":\"Stiftung zur F\u00f6rderung der Philatelie\",\"url\":\"https:\/\/philatelie-stiftung.ch\/\",\"logo\":{\"@type\":\"ImageObject\",\"inLanguage\":\"it-IT\",\"@id\":\"https:\/\/philatelie-stiftung.ch\/#\/schema\/logo\/image\/\",\"url\":\"https:\/\/philatelie-stiftung.ch\/wp-content\/uploads\/2022\/08\/Logo-e1661268078438.png\",\"contentUrl\":\"https:\/\/philatelie-stiftung.ch\/wp-content\/uploads\/2022\/08\/Logo-e1661268078438.png\",\"width\":300,\"height\":55,\"caption\":\"Stiftung zur F\u00f6rderung der Philatelie\"},\"image\":{\"@id\":\"https:\/\/philatelie-stiftung.ch\/#\/schema\/logo\/image\/\"}}]}<\/script>\n<!-- \/ Yoast SEO plugin. -->","yoast_head_json":{"title":"Homepage - Stiftung zur F\u00f6rderung der Philatelie","robots":{"index":"index","follow":"follow","max-snippet":"max-snippet:-1","max-image-preview":"max-image-preview:large","max-video-preview":"max-video-preview:-1"},"canonical":"https:\/\/philatelie-stiftung.ch\/it\/homepage\/","og_locale":"it_IT","og_type":"article","og_title":"Homepage - Stiftung zur F\u00f6rderung der Philatelie","og_url":"https:\/\/philatelie-stiftung.ch\/it\/homepage\/","og_site_name":"Stiftung zur F\u00f6rderung der Philatelie","article_modified_time":"2022-09-21T06:05:37+00:00","twitter_card":"summary_large_image","twitter_misc":{"Tempo di lettura stimato":"6 minuti"},"schema":{"@context":"https:\/\/schema.org","@graph":[{"@type":"WebPage","@id":"https:\/\/philatelie-stiftung.ch\/it\/homepage\/","url":"https:\/\/philatelie-stiftung.ch\/it\/homepage\/","name":"Homepage - Stiftung zur F\u00f6rderung der Philatelie","isPartOf":{"@id":"https:\/\/philatelie-stiftung.ch\/#website"},"datePublished":"2022-05-03T10:42:24+00:00","dateModified":"2022-09-21T06:05:37+00:00","breadcrumb":{"@id":"https:\/\/philatelie-stiftung.ch\/it\/homepage\/#breadcrumb"},"inLanguage":"it-IT","potentialAction":[{"@type":"ReadAction","target":["https:\/\/philatelie-stiftung.ch\/it\/homepage\/"]}]},{"@type":"BreadcrumbList","@id":"https:\/\/philatelie-stiftung.ch\/it\/homepage\/#breadcrumb","itemListElement":[{"@type":"ListItem","position":1,"name":"Startseite","item":"https:\/\/philatelie-stiftung.ch\/it\/homepage\/"},{"@type":"ListItem","position":2,"name":"Homepage"}]},{"@type":"WebSite","@id":"https:\/\/philatelie-stiftung.ch\/#website","url":"https:\/\/philatelie-stiftung.ch\/","name":"Stiftung zur F\u00f6rderung der Philatelie","description":"","publisher":{"@id":"https:\/\/philatelie-stiftung.ch\/#organization"},"potentialAction":[{"@type":"SearchAction","target":{"@type":"EntryPoint","urlTemplate":"https:\/\/philatelie-stiftung.ch\/?s={search_term_string}"},"query-input":{"@type":"PropertyValueSpecification","valueRequired":true,"valueName":"search_term_string"}}],"inLanguage":"it-IT"},{"@type":"Organization","@id":"https:\/\/philatelie-stiftung.ch\/#organization","name":"Stiftung zur F\u00f6rderung der Philatelie","url":"https:\/\/philatelie-stiftung.ch\/","logo":{"@type":"ImageObject","inLanguage":"it-IT","@id":"https:\/\/philatelie-stiftung.ch\/#\/schema\/logo\/image\/","url":"https:\/\/philatelie-stiftung.ch\/wp-content\/uploads\/2022\/08\/Logo-e1661268078438.png","contentUrl":"https:\/\/philatelie-stiftung.ch\/wp-content\/uploads\/2022\/08\/Logo-e1661268078438.png","width":300,"height":55,"caption":"Stiftung zur F\u00f6rderung der Philatelie"},"image":{"@id":"https:\/\/philatelie-stiftung.ch\/#\/schema\/logo\/image\/"}}]}},"_links":{"self":[{"href":"https:\/\/philatelie-stiftung.ch\/it\/wp-json\/wp\/v2\/pages\/352","targetHints":{"allow":["GET"]}}],"collection":[{"href":"https:\/\/philatelie-stiftung.ch\/it\/wp-json\/wp\/v2\/pages"}],"about":[{"href":"https:\/\/philatelie-stiftung.ch\/it\/wp-json\/wp\/v2\/types\/page"}],"author":[{"embeddable":true,"href":"https:\/\/philatelie-stiftung.ch\/it\/wp-json\/wp\/v2\/users\/1"}],"replies":[{"embeddable":true,"href":"https:\/\/philatelie-stiftung.ch\/it\/wp-json\/wp\/v2\/comments?post=352"}],"version-history":[{"count":45,"href":"https:\/\/philatelie-stiftung.ch\/it\/wp-json\/wp\/v2\/pages\/352\/revisions"}],"predecessor-version":[{"id":1115,"href":"https:\/\/philatelie-stiftung.ch\/it\/wp-json\/wp\/v2\/pages\/352\/revisions\/1115"}],"wp:attachment":[{"href":"https:\/\/philatelie-stiftung.ch\/it\/wp-json\/wp\/v2\/media?parent=352"}],"curies":[{"name":"wp","href":"https:\/\/api.w.org\/{rel}","templated":true}]}}