{"id":447,"date":"2022-08-23T17:17:26","date_gmt":"2022-08-23T15:17:26","guid":{"rendered":"https:\/\/philatelie-stiftung.ch\/litterature\/"},"modified":"2022-09-14T22:00:52","modified_gmt":"2022-09-14T20:00:52","slug":"litterature","status":"publish","type":"page","link":"https:\/\/philatelie-stiftung.ch\/fr\/litterature\/","title":{"rendered":"Litt\u00e9rature"},"content":{"rendered":"<p><section class=\"fusion-fullwidth fullwidth-box fusion-builder-row-1 fusion-flex-container fusion-parallax-none nonhundred-percent-fullwidth non-hundred-percent-height-scrolling slider-section\" style=\"--awb-border-radius-top-left:0px;--awb-border-radius-top-right:0px;--awb-border-radius-bottom-right:0px;--awb-border-radius-bottom-left:0px;--awb-padding-top:0px;--awb-padding-right:0px;--awb-padding-bottom:0px;--awb-padding-left:0px;--awb-margin-top:0px;--awb-margin-bottom:0px;--awb-min-height:600px;--awb-background-image:url(&quot;https:\/\/philatelie-stiftung.ch\/wp-content\/uploads\/2022\/09\/literatur-background.jpg&quot;);--awb-background-size:cover;--awb-flex-wrap:wrap;\" ><div class=\"fusion-builder-row fusion-row fusion-flex-align-items-flex-start fusion-flex-content-wrap\" style=\"max-width:calc( 1200px + 0px );margin-left: calc(-0px \/ 2 );margin-right: calc(-0px \/ 2 );\"><\/div><\/section><section class=\"fusion-fullwidth fullwidth-box fusion-builder-row-2 fusion-flex-container nonhundred-percent-fullwidth non-hundred-percent-height-scrolling slider-section\" style=\"--awb-border-radius-top-left:0px;--awb-border-radius-top-right:0px;--awb-border-radius-bottom-right:0px;--awb-border-radius-bottom-left:0px;--awb-padding-top:0px;--awb-padding-right:0px;--awb-padding-bottom:0px;--awb-padding-left:0px;--awb-margin-top:0px;--awb-margin-bottom:0px;--awb-min-height:400px;--awb-flex-wrap:wrap;\" ><div class=\"fusion-builder-row fusion-row fusion-flex-align-items-flex-start fusion-flex-content-wrap\" style=\"max-width:calc( 1200px + 0px );margin-left: calc(-0px \/ 2 );margin-right: calc(-0px \/ 2 );\"><div class=\"fusion-layout-column fusion_builder_column fusion-builder-column-0 fusion_builder_column_1_1 1_1 fusion-flex-column fusion-flex-align-self-center\" style=\"--awb-padding-top:0px;--awb-padding-right:0px;--awb-padding-bottom:0px;--awb-padding-left:0px;--awb-bg-size:cover;--awb-width-large:100%;--awb-margin-top-large:0px;--awb-spacing-right-large:0px;--awb-margin-bottom-large:0px;--awb-spacing-left-large:0px;--awb-width-medium:100%;--awb-order-medium:0;--awb-spacing-right-medium:0px;--awb-spacing-left-medium:0px;--awb-width-small:100%;--awb-order-small:0;--awb-spacing-right-small:0px;--awb-spacing-left-small:0px;\"><div class=\"fusion-column-wrapper fusion-column-has-shadow fusion-flex-justify-content-center fusion-content-layout-row\"><div class=\"fusion-text fusion-text-1 fusion-text-no-margin\" style=\"--awb-margin-top:50px;--awb-margin-right:75px;--awb-margin-bottom:50px;--awb-margin-left:75px;\"><p>Les prix de litt\u00e9rature\/reconnaissance du Fonds pour la promotion de la philat\u00e9lie (Fonds) ont pour but de reconna\u00eetre et d&rsquo;honorer des r\u00e9alisations particuli\u00e8res dans tout l&rsquo;\u00e9ventail de la litt\u00e9rature philat\u00e9lique.<\/p>\n<p>Vous avez la possibilit\u00e9 de vous inscrire pour les prix litt\u00e9raires\/de reconnaissance via le formulaire d&rsquo;inscription ci-dessous. Vous pouvez \u00e9galement t\u00e9l\u00e9charger et imprimer le formulaire d&rsquo;inscription au format ODF en cliquant sur ce lien. Veuillez envoyer le formulaire imprim\u00e9 \u00e0 l&rsquo;adresse indiqu\u00e9e sur le formulaire.<\/p>\n<\/div><div class=\"fusion-form fusion-form-builder fusion-form-form-wrapper fusion-form-662\" style=\"--awb-tooltip-text-color:#ffffff;--awb-tooltip-background-color:#333333;--awb-form-border-color:rgba(0,0,0,0.33);\" data-form-id=\"662\" data-config=\"{&quot;form_id&quot;:662,&quot;form_post_id&quot;:662,&quot;post_id&quot;:447,&quot;form_type&quot;:&quot;ajax&quot;,&quot;confirmation_type&quot;:&quot;message&quot;,&quot;redirect_url&quot;:&quot;&quot;,&quot;redirect_timeout&quot;:&quot;0&quot;,&quot;field_labels&quot;:{&quot;autorin&quot;:&quot;Auteur(e)&quot;,&quot;titel&quot;:&quot;Titre de l&#039;\\u0153uvre&quot;,&quot;art_des_werkes&quot;:&quot;Type d&#039;\\u0153uvre&quot;,&quot;erscheinungsdatum&quot;:&quot;Date de parution&quot;,&quot;gedruckt__elektronisch&quot;:&quot;Imprim\\u00e9 \\\/ \\u00e9lectronique&quot;,&quot;verlag&quot;:&quot;Maison d&#039;\\u00e9dition&quot;,&quot;isbn-nummer&quot;:&quot;Num\\u00e9ro ISBN&quot;,&quot;auflage&quot;:&quot;Auflage&quot;,&quot;druckkosten&quot;:&quot;Frais d&#039;impression&quot;,&quot;wurde_das_wertk_bereits_an_einem_literaturwettbewerb_ausgestellt__&quot;:&quot;L&#039;\\u0153uvre a-t-elle d\\u00e9j\\u00e0 \\u00e9t\\u00e9 expos\\u00e9e lors d&#039;un concours litt\\u00e9raire ? &quot;,&quot;wenn_ja_wo__ausstellung&quot;:&quot;Si oui, o\\u00f9 ? (exposition)&quot;,&quot;kurze_zusammenfassung&quot;:&quot;Bref r\\u00e9sum\\u00e9&quot;},&quot;field_logics&quot;:{&quot;autorin&quot;:&quot;&quot;,&quot;titel&quot;:&quot;&quot;,&quot;art_des_werkes&quot;:&quot;&quot;,&quot;erscheinungsdatum&quot;:&quot;&quot;,&quot;gedruckt__elektronisch&quot;:&quot;&quot;,&quot;verlag&quot;:&quot;&quot;,&quot;isbn-nummer&quot;:&quot;&quot;,&quot;auflage&quot;:&quot;&quot;,&quot;druckkosten&quot;:&quot;&quot;,&quot;wurde_das_wertk_bereits_an_einem_literaturwettbewerb_ausgestellt__&quot;:&quot;&quot;,&quot;wenn_ja_wo__ausstellung&quot;:&quot;&quot;,&quot;kurze_zusammenfassung&quot;:&quot;&quot;,&quot;submit_1&quot;:&quot;&quot;,&quot;notice_1&quot;:&quot;&quot;},&quot;field_types&quot;:{&quot;autorin&quot;:&quot;text&quot;,&quot;titel&quot;:&quot;text&quot;,&quot;art_des_werkes&quot;:&quot;radio&quot;,&quot;erscheinungsdatum&quot;:&quot;date&quot;,&quot;gedruckt__elektronisch&quot;:&quot;radio&quot;,&quot;verlag&quot;:&quot;text&quot;,&quot;isbn-nummer&quot;:&quot;text&quot;,&quot;auflage&quot;:&quot;number&quot;,&quot;druckkosten&quot;:&quot;text&quot;,&quot;wurde_das_wertk_bereits_an_einem_literaturwettbewerb_ausgestellt__&quot;:&quot;radio&quot;,&quot;wenn_ja_wo__ausstellung&quot;:&quot;text&quot;,&quot;kurze_zusammenfassung&quot;:&quot;text&quot;,&quot;submit_1&quot;:&quot;submit&quot;,&quot;notice_1&quot;:&quot;notice&quot;},&quot;nonce_method&quot;:&quot;ajax&quot;,&quot;form_views&quot;:&quot;ajax&quot;,&quot;form_views_counting&quot;:&quot;all&quot;}\"><form action=\"https:\/\/philatelie-stiftung.ch\/fr\/litterature\/\" method=\"post\" class=\"fusion-form fusion-form-662\"><div class=\"fusion-fullwidth fullwidth-box fusion-builder-row-2-1 fusion-flex-container nonhundred-percent-fullwidth non-hundred-percent-height-scrolling avada-form-section\" style=\"--awb-border-radius-top-left:0px;--awb-border-radius-top-right:0px;--awb-border-radius-bottom-right:0px;--awb-border-radius-bottom-left:0px;--awb-flex-wrap:wrap;\" ><div class=\"fusion-builder-row fusion-row fusion-flex-align-items-flex-start fusion-flex-content-wrap\" style=\"width:104% !important;max-width:104% !important;margin-left: calc(-4% \/ 2 );margin-right: calc(-4% \/ 2 );\"><div class=\"fusion-layout-column fusion_builder_column fusion-builder-column-1 fusion_builder_column_1_1 1_1 fusion-flex-column literatur-avada-form\" style=\"--awb-bg-size:cover;--awb-width-large:100%;--awb-flex-grow:0;--awb-flex-shrink:0;--awb-margin-top-large:0px;--awb-spacing-right-large:0%;--awb-margin-bottom-large:20px;--awb-spacing-left-large:1.92%;--awb-width-medium:100%;--awb-order-medium:0;--awb-flex-grow-medium:0;--awb-flex-shrink-medium:0;--awb-spacing-right-medium:0%;--awb-spacing-left-medium:1.92%;--awb-width-small:100%;--awb-order-small:0;--awb-flex-grow-small:0;--awb-flex-shrink-small:0;--awb-spacing-right-small:1.92%;--awb-spacing-left-small:1.92%;\"><div class=\"fusion-column-wrapper fusion-column-has-shadow fusion-flex-justify-content-flex-start fusion-content-layout-column\"><div class=\"fusion-text fusion-text-2\"><h3 style=\"text-align: center;\"><strong>Formulaire d'inscription pour les prix de litt\u00e9rature\/reconnaissance du Fonds pour la promotion de la philat\u00e9lie<\/strong><\/h3>\n<\/div><div class=\"fusion-form-field fusion-form-text-field fusion-form-label-above\" style=\"\" data-form-id=\"662\"><div class=\"fusion-form-label-wrapper\"><label for=\"autorin\">Auteur(e) <abbr class=\"fusion-form-element-required\" title=\"required\">*<\/abbr><\/label><\/div><input type=\"text\" autocomplete=\"off\" name=\"autorin\" id=\"autorin\" value=\"\"  class=\"fusion-form-input\" required=\"true\" aria-required=\"true\" data-holds-private-data=\"false\" minlength=\"0\"\/><\/div><div class=\"fusion-form-field fusion-form-text-field fusion-form-label-above\" style=\"\" data-form-id=\"662\"><div class=\"fusion-form-label-wrapper\"><label for=\"titel\">Titre de l&#039;\u0153uvre <abbr class=\"fusion-form-element-required\" title=\"required\">*<\/abbr><\/label><\/div><input type=\"text\" autocomplete=\"off\" name=\"titel\" id=\"titel\" value=\"\"  class=\"fusion-form-input\" required=\"true\" aria-required=\"true\" data-holds-private-data=\"false\" minlength=\"0\"\/><\/div><div class=\"fusion-form-field fusion-form-radio-field fusion-form-label-above\" style=\"\" data-form-id=\"662\"><fieldset><legend class=\"fusion-form-label-wrapper\"><span class=\"label\">Type d&#039;\u0153uvre<\/span><\/legend><div class=\"fusion-form-radio\"><input tabindex=\"\" id=\"radio-art_des_werkes-1-0\" type=\"radio\" value=\"Livre sp\u00e9cialis\u00e9\" name=\"art_des_werkes\" class=\"fusion-form-input\" data-holds-private-data=\"false\"\/><label for=\"radio-art_des_werkes-1-0\">Livre sp\u00e9cialis\u00e9<\/label><\/div><div class=\"fusion-form-radio\"><input tabindex=\"\" id=\"radio-art_des_werkes-1-1\" type=\"radio\" value=\"Revue*\" name=\"art_des_werkes\" class=\"fusion-form-input\" data-holds-private-data=\"false\"\/><label for=\"radio-art_des_werkes-1-1\">Revue*<\/label><\/div><div class=\"fusion-form-radio\"><input tabindex=\"\" id=\"radio-art_des_werkes-1-2\" type=\"radio\" value=\"Nouvelles des associations\" name=\"art_des_werkes\" class=\"fusion-form-input\" data-holds-private-data=\"false\"\/><label for=\"radio-art_des_werkes-1-2\">Nouvelles des associations<\/label><\/div><\/fieldset><\/div><div class=\"fusion-form-field fusion-form-date-field fusion-form-label-above\" style=\"\" data-form-id=\"662\"><label for=\"erscheinungsdatum\">Date de parution <abbr class=\"fusion-form-element-required\" title=\"required\">*<\/abbr><\/label><input autocomplete=\"off\" type=\"date\" data-first-day=\"1\"  data-format=\"\" tabindex=\"\" id=\"erscheinungsdatum\" name=\"erscheinungsdatum\" data-type=\"custom\" value=\"\" data-holds-private-data=\"false\" class=\"fusion-form-input\" required=\"true\" aria-required=\"true\"autocomplete=\"no\"\/><\/div><div class=\"fusion-form-field fusion-form-radio-field fusion-form-label-above\" style=\"\" data-form-id=\"662\"><fieldset><legend class=\"fusion-form-label-wrapper\"><span class=\"label\">Imprim\u00e9 \/ \u00e9lectronique <abbr class=\"fusion-form-element-required\" title=\"required\">*<\/abbr><\/span><\/legend><div class=\"fusion-form-radio\"><input tabindex=\"\" id=\"radio-gedruckt__elektronisch-2-0\" type=\"radio\" value=\"Imprim\u00e9\" name=\"gedruckt__elektronisch\" class=\"fusion-form-input\" required=\"true\" aria-required=\"true\" data-holds-private-data=\"false\"\/><label for=\"radio-gedruckt__elektronisch-2-0\">Imprim\u00e9<\/label><\/div><div class=\"fusion-form-radio\"><input tabindex=\"\" id=\"radio-gedruckt__elektronisch-2-1\" type=\"radio\" value=\"\u00c9lectronique\" name=\"gedruckt__elektronisch\" class=\"fusion-form-input\" required=\"true\" aria-required=\"true\" data-holds-private-data=\"false\"\/><label for=\"radio-gedruckt__elektronisch-2-1\">\u00c9lectronique<\/label><\/div><div class=\"fusion-form-radio\"><input tabindex=\"\" id=\"radio-gedruckt__elektronisch-2-2\" type=\"radio\" value=\"Les deux\" name=\"gedruckt__elektronisch\" class=\"fusion-form-input\" required=\"true\" aria-required=\"true\" data-holds-private-data=\"false\"\/><label for=\"radio-gedruckt__elektronisch-2-2\">Les deux<\/label><\/div><\/fieldset><\/div><div class=\"fusion-form-field fusion-form-text-field fusion-form-label-above\" style=\"\" data-form-id=\"662\"><div class=\"fusion-form-label-wrapper\"><label for=\"verlag\">Maison d&#039;\u00e9dition <abbr class=\"fusion-form-element-required\" title=\"required\">*<\/abbr><\/label><\/div><input type=\"text\" autocomplete=\"off\" name=\"verlag\" id=\"verlag\" value=\"\"  class=\"fusion-form-input\" required=\"true\" aria-required=\"true\" data-holds-private-data=\"false\" minlength=\"0\"\/><\/div><div class=\"fusion-form-field fusion-form-text-field fusion-form-label-above\" style=\"\" data-form-id=\"662\"><div class=\"fusion-form-label-wrapper\"><label for=\"isbn-nummer\">Num\u00e9ro ISBN <abbr class=\"fusion-form-element-required\" title=\"required\">*<\/abbr><\/label><\/div><input type=\"text\" autocomplete=\"off\" name=\"isbn-nummer\" id=\"isbn-nummer\" value=\"\"  class=\"fusion-form-input\" required=\"true\" aria-required=\"true\" data-holds-private-data=\"false\" minlength=\"0\"\/><\/div><div class=\"fusion-form-field fusion-form-number-field fusion-form-label-above\" style=\"\" data-form-id=\"662\"><div class=\"fusion-form-label-wrapper\"><label for=\"auflage\">Auflage <abbr class=\"fusion-form-element-required\" title=\"required\">*<\/abbr><\/label><\/div><input type=\"number\" autocomplete=\"off\" name=\"auflage\" id=\"auflage\" value=\"\"  class=\"fusion-form-input\" required=\"true\" aria-required=\"true\" data-holds-private-data=\"false\" min=\"0\" max=\"100\"\/><\/div><div class=\"fusion-form-field fusion-form-text-field fusion-form-label-above\" style=\"\" data-form-id=\"662\"><div class=\"fusion-form-label-wrapper\"><label for=\"druckkosten\">Frais d&#039;impression <abbr class=\"fusion-form-element-required\" title=\"required\">*<\/abbr><\/label><\/div><input type=\"text\" autocomplete=\"off\" name=\"druckkosten\" id=\"druckkosten\" value=\"\"  class=\"fusion-form-input\" required=\"true\" aria-required=\"true\" data-holds-private-data=\"false\" minlength=\"0\"\/><\/div><div class=\"fusion-form-field fusion-form-radio-field fusion-form-label-above\" style=\"\" data-form-id=\"662\"><fieldset><legend class=\"fusion-form-label-wrapper\"><span class=\"label\">L&#039;\u0153uvre a-t-elle d\u00e9j\u00e0 \u00e9t\u00e9 expos\u00e9e lors d&#039;un concours litt\u00e9raire ?   <abbr class=\"fusion-form-element-required\" title=\"required\">*<\/abbr><\/span><\/legend><div class=\"fusion-form-radio\"><input tabindex=\"\" id=\"radio-wurde_das_wertk_bereits_an_einem_literaturwettbewerb_ausgestellt__-3-0\" type=\"radio\" value=\"Oui\" name=\"wurde_das_wertk_bereits_an_einem_literaturwettbewerb_ausgestellt__\" class=\"fusion-form-input\" required=\"true\" aria-required=\"true\" data-holds-private-data=\"false\"\/><label for=\"radio-wurde_das_wertk_bereits_an_einem_literaturwettbewerb_ausgestellt__-3-0\">Oui<\/label><\/div><div class=\"fusion-form-radio\"><input tabindex=\"\" id=\"radio-wurde_das_wertk_bereits_an_einem_literaturwettbewerb_ausgestellt__-3-1\" type=\"radio\" value=\"Non\" name=\"wurde_das_wertk_bereits_an_einem_literaturwettbewerb_ausgestellt__\" class=\"fusion-form-input\" required=\"true\" aria-required=\"true\" data-holds-private-data=\"false\"\/><label for=\"radio-wurde_das_wertk_bereits_an_einem_literaturwettbewerb_ausgestellt__-3-1\">Non<\/label><\/div><\/fieldset><\/div><div class=\"fusion-form-field fusion-form-text-field fusion-form-label-above\" style=\"\" data-form-id=\"662\"><div class=\"fusion-form-label-wrapper\"><label for=\"wenn_ja_wo__ausstellung\">Si oui, o\u00f9 ? (exposition)<\/label><\/div><input type=\"text\" autocomplete=\"off\" name=\"wenn_ja_wo__ausstellung\" id=\"wenn_ja_wo__ausstellung\" value=\"\"  class=\"fusion-form-input\" data-holds-private-data=\"false\" minlength=\"0\"\/><\/div><div class=\"fusion-form-field fusion-form-text-field fusion-form-label-above\" style=\"\" data-form-id=\"662\"><div class=\"fusion-form-label-wrapper\"><label for=\"kurze_zusammenfassung\">Bref r\u00e9sum\u00e9 <abbr class=\"fusion-form-element-required\" title=\"required\">*<\/abbr><\/label><\/div><input type=\"text\" autocomplete=\"off\" name=\"kurze_zusammenfassung\" id=\"kurze_zusammenfassung\" value=\"\"  class=\"fusion-form-input\" required=\"true\" aria-required=\"true\" data-holds-private-data=\"false\" minlength=\"0\"\/><\/div><div class=\"fusion-text fusion-text-3\"><p><strong>Nous vous prions de nous envoyer un exemplaire de votre \u0153uvre \u00e0 l'adresse (mail) suivante :<\/strong><\/p>\n<p>Jean-Paul Bach<br \/>\nRue de Sch\u00f6llenen 2<br \/>\n4054 B\u00e2le<\/p>\n<p>info@philatelie-stiftung.ch \/ www.philatelie-stiftung.ch<\/p>\n<p>*Les magazines contenant des lots aux ench\u00e8res ne sont pas financ\u00e9s.<\/p>\n<\/div>\n<div class=\"fusion-form-field fusion-form-submit-field fusion-form-label-above\" style=\"\" data-form-id=\"662\"><div ><button type=\"submit\" class=\"fusion-button button-flat fusion-button-default-size button-green fusion-button-green button-1 fusion-button-default-span  button-default form-form-submit\" data-form-number=\"662\" tabindex=\"\"><span class=\"fusion-button-text awb-button__text awb-button__text--default\">Envoyer l'inscription<\/span><\/button><\/div><\/div><div class=\"form-submission-notices data-notice_1\" id=\"fusion-notices-1\"><div class=\"fusion-alert alert success alert-success fusion-alert-center fusion-form-response fusion-form-response-success awb-alert-native-link-color alert-dismissable awb-alert-close-boxed\" role=\"alert\"><div class=\"fusion-alert-content-wrapper\"><span class=\"alert-icon\"><i class=\"awb-icon-check-circle\" aria-hidden=\"true\"><\/i><\/span><span class=\"fusion-alert-content\">Nous vous remercions de votre inscription, nous v\u00e9rifierons votre saisie et vous contacterons.<\/span><\/div><button type=\"button\" class=\"close toggle-alert\" data-dismiss=\"alert\" aria-label=\"Close\">&times;<\/button><\/div><div class=\"fusion-alert alert error alert-danger fusion-alert-center fusion-form-response fusion-form-response-error awb-alert-native-link-color alert-dismissable awb-alert-close-boxed\" role=\"alert\"><div class=\"fusion-alert-content-wrapper\"><span class=\"alert-icon\"><i class=\"awb-icon-exclamation-triangle\" aria-hidden=\"true\"><\/i><\/span><span class=\"fusion-alert-content\">Il y a eu une erreur lors de l'envoi du formulaire d'inscription, veuillez r\u00e9essayer plus tard.<\/span><\/div><button type=\"button\" class=\"close toggle-alert\" data-dismiss=\"alert\" aria-label=\"Close\">&times;<\/button><\/div><\/div><\/div><\/div><div class=\"fusion-layout-column fusion_builder_column fusion-builder-column-2 fusion_builder_column_1_1 1_1 fusion-flex-column\" style=\"--awb-bg-size:cover;--awb-width-large:100%;--awb-flex-grow:0;--awb-flex-shrink:0;--awb-margin-top-large:0px;--awb-spacing-right-large:1.92%;--awb-margin-bottom-large:20px;--awb-spacing-left-large:1.92%;--awb-width-medium:100%;--awb-order-medium:0;--awb-flex-grow-medium:0;--awb-flex-shrink-medium:0;--awb-spacing-right-medium:1.92%;--awb-spacing-left-medium:1.92%;--awb-width-small:100%;--awb-order-small:0;--awb-flex-grow-small:0;--awb-flex-shrink-small:0;--awb-spacing-right-small:1.92%;--awb-spacing-left-small:1.92%;\"><div class=\"fusion-column-wrapper fusion-column-has-shadow fusion-flex-justify-content-flex-start fusion-content-layout-column\"><\/div><\/div><\/div><\/div><input type=\"hidden\" name=\"fusion_privacy_store_ip_ua\" value=\"false\"><input type=\"hidden\" name=\"fusion_privacy_expiration_interval\" value=\"48\"><input type=\"hidden\" name=\"privacy_expiration_action\" value=\"anonymize\"><\/form><\/div><\/div><\/div><\/div><\/section><\/p>\n","protected":false},"excerpt":{"rendered":"","protected":false},"author":1,"featured_media":0,"parent":0,"menu_order":0,"comment_status":"closed","ping_status":"closed","template":"","meta":{"footnotes":""},"class_list":["post-447","page","type-page","status-publish","hentry"],"yoast_head":"<!-- This site is optimized with the Yoast SEO plugin v27.2 - https:\/\/yoast.com\/product\/yoast-seo-wordpress\/ -->\n<title>Litt\u00e9rature - Stiftung zur F\u00f6rderung der Philatelie<\/title>\n<meta name=\"robots\" content=\"index, follow, max-snippet:-1, max-image-preview:large, max-video-preview:-1\" \/>\n<link rel=\"canonical\" href=\"https:\/\/philatelie-stiftung.ch\/fr\/litterature\/\" \/>\n<meta property=\"og:locale\" content=\"fr_FR\" \/>\n<meta property=\"og:type\" content=\"article\" \/>\n<meta property=\"og:title\" content=\"Litt\u00e9rature - Stiftung zur F\u00f6rderung der Philatelie\" \/>\n<meta property=\"og:url\" content=\"https:\/\/philatelie-stiftung.ch\/fr\/litterature\/\" \/>\n<meta property=\"og:site_name\" content=\"Stiftung zur F\u00f6rderung der Philatelie\" \/>\n<meta property=\"article:modified_time\" content=\"2022-09-14T20:00:52+00:00\" \/>\n<meta name=\"twitter:card\" content=\"summary_large_image\" \/>\n<meta name=\"twitter:label1\" content=\"Dur\u00e9e de lecture estim\u00e9e\" \/>\n\t<meta name=\"twitter:data1\" content=\"4 minutes\" \/>\n<script type=\"application\/ld+json\" class=\"yoast-schema-graph\">{\"@context\":\"https:\/\/schema.org\",\"@graph\":[{\"@type\":\"WebPage\",\"@id\":\"https:\/\/philatelie-stiftung.ch\/fr\/litterature\/\",\"url\":\"https:\/\/philatelie-stiftung.ch\/fr\/litterature\/\",\"name\":\"Litt\u00e9rature - Stiftung zur F\u00f6rderung der Philatelie\",\"isPartOf\":{\"@id\":\"https:\/\/philatelie-stiftung.ch\/#website\"},\"datePublished\":\"2022-08-23T15:17:26+00:00\",\"dateModified\":\"2022-09-14T20:00:52+00:00\",\"breadcrumb\":{\"@id\":\"https:\/\/philatelie-stiftung.ch\/fr\/litterature\/#breadcrumb\"},\"inLanguage\":\"fr-FR\",\"potentialAction\":[{\"@type\":\"ReadAction\",\"target\":[\"https:\/\/philatelie-stiftung.ch\/fr\/litterature\/\"]}]},{\"@type\":\"BreadcrumbList\",\"@id\":\"https:\/\/philatelie-stiftung.ch\/fr\/litterature\/#breadcrumb\",\"itemListElement\":[{\"@type\":\"ListItem\",\"position\":1,\"name\":\"Startseite\",\"item\":\"https:\/\/philatelie-stiftung.ch\/fr\/page-daccueil\/\"},{\"@type\":\"ListItem\",\"position\":2,\"name\":\"Litt\u00e9rature\"}]},{\"@type\":\"WebSite\",\"@id\":\"https:\/\/philatelie-stiftung.ch\/#website\",\"url\":\"https:\/\/philatelie-stiftung.ch\/\",\"name\":\"Stiftung zur F\u00f6rderung der Philatelie\",\"description\":\"\",\"publisher\":{\"@id\":\"https:\/\/philatelie-stiftung.ch\/#organization\"},\"potentialAction\":[{\"@type\":\"SearchAction\",\"target\":{\"@type\":\"EntryPoint\",\"urlTemplate\":\"https:\/\/philatelie-stiftung.ch\/?s={search_term_string}\"},\"query-input\":{\"@type\":\"PropertyValueSpecification\",\"valueRequired\":true,\"valueName\":\"search_term_string\"}}],\"inLanguage\":\"fr-FR\"},{\"@type\":\"Organization\",\"@id\":\"https:\/\/philatelie-stiftung.ch\/#organization\",\"name\":\"Stiftung zur F\u00f6rderung der Philatelie\",\"url\":\"https:\/\/philatelie-stiftung.ch\/\",\"logo\":{\"@type\":\"ImageObject\",\"inLanguage\":\"fr-FR\",\"@id\":\"https:\/\/philatelie-stiftung.ch\/#\/schema\/logo\/image\/\",\"url\":\"https:\/\/philatelie-stiftung.ch\/wp-content\/uploads\/2022\/08\/Logo-e1661268078438.png\",\"contentUrl\":\"https:\/\/philatelie-stiftung.ch\/wp-content\/uploads\/2022\/08\/Logo-e1661268078438.png\",\"width\":300,\"height\":55,\"caption\":\"Stiftung zur F\u00f6rderung der Philatelie\"},\"image\":{\"@id\":\"https:\/\/philatelie-stiftung.ch\/#\/schema\/logo\/image\/\"}}]}<\/script>\n<!-- \/ Yoast SEO plugin. -->","yoast_head_json":{"title":"Litt\u00e9rature - Stiftung zur F\u00f6rderung der Philatelie","robots":{"index":"index","follow":"follow","max-snippet":"max-snippet:-1","max-image-preview":"max-image-preview:large","max-video-preview":"max-video-preview:-1"},"canonical":"https:\/\/philatelie-stiftung.ch\/fr\/litterature\/","og_locale":"fr_FR","og_type":"article","og_title":"Litt\u00e9rature - Stiftung zur F\u00f6rderung der Philatelie","og_url":"https:\/\/philatelie-stiftung.ch\/fr\/litterature\/","og_site_name":"Stiftung zur F\u00f6rderung der Philatelie","article_modified_time":"2022-09-14T20:00:52+00:00","twitter_card":"summary_large_image","twitter_misc":{"Dur\u00e9e de lecture estim\u00e9e":"4 minutes"},"schema":{"@context":"https:\/\/schema.org","@graph":[{"@type":"WebPage","@id":"https:\/\/philatelie-stiftung.ch\/fr\/litterature\/","url":"https:\/\/philatelie-stiftung.ch\/fr\/litterature\/","name":"Litt\u00e9rature - Stiftung zur F\u00f6rderung der Philatelie","isPartOf":{"@id":"https:\/\/philatelie-stiftung.ch\/#website"},"datePublished":"2022-08-23T15:17:26+00:00","dateModified":"2022-09-14T20:00:52+00:00","breadcrumb":{"@id":"https:\/\/philatelie-stiftung.ch\/fr\/litterature\/#breadcrumb"},"inLanguage":"fr-FR","potentialAction":[{"@type":"ReadAction","target":["https:\/\/philatelie-stiftung.ch\/fr\/litterature\/"]}]},{"@type":"BreadcrumbList","@id":"https:\/\/philatelie-stiftung.ch\/fr\/litterature\/#breadcrumb","itemListElement":[{"@type":"ListItem","position":1,"name":"Startseite","item":"https:\/\/philatelie-stiftung.ch\/fr\/page-daccueil\/"},{"@type":"ListItem","position":2,"name":"Litt\u00e9rature"}]},{"@type":"WebSite","@id":"https:\/\/philatelie-stiftung.ch\/#website","url":"https:\/\/philatelie-stiftung.ch\/","name":"Stiftung zur F\u00f6rderung der Philatelie","description":"","publisher":{"@id":"https:\/\/philatelie-stiftung.ch\/#organization"},"potentialAction":[{"@type":"SearchAction","target":{"@type":"EntryPoint","urlTemplate":"https:\/\/philatelie-stiftung.ch\/?s={search_term_string}"},"query-input":{"@type":"PropertyValueSpecification","valueRequired":true,"valueName":"search_term_string"}}],"inLanguage":"fr-FR"},{"@type":"Organization","@id":"https:\/\/philatelie-stiftung.ch\/#organization","name":"Stiftung zur F\u00f6rderung der Philatelie","url":"https:\/\/philatelie-stiftung.ch\/","logo":{"@type":"ImageObject","inLanguage":"fr-FR","@id":"https:\/\/philatelie-stiftung.ch\/#\/schema\/logo\/image\/","url":"https:\/\/philatelie-stiftung.ch\/wp-content\/uploads\/2022\/08\/Logo-e1661268078438.png","contentUrl":"https:\/\/philatelie-stiftung.ch\/wp-content\/uploads\/2022\/08\/Logo-e1661268078438.png","width":300,"height":55,"caption":"Stiftung zur F\u00f6rderung der Philatelie"},"image":{"@id":"https:\/\/philatelie-stiftung.ch\/#\/schema\/logo\/image\/"}}]}},"_links":{"self":[{"href":"https:\/\/philatelie-stiftung.ch\/fr\/wp-json\/wp\/v2\/pages\/447","targetHints":{"allow":["GET"]}}],"collection":[{"href":"https:\/\/philatelie-stiftung.ch\/fr\/wp-json\/wp\/v2\/pages"}],"about":[{"href":"https:\/\/philatelie-stiftung.ch\/fr\/wp-json\/wp\/v2\/types\/page"}],"author":[{"embeddable":true,"href":"https:\/\/philatelie-stiftung.ch\/fr\/wp-json\/wp\/v2\/users\/1"}],"replies":[{"embeddable":true,"href":"https:\/\/philatelie-stiftung.ch\/fr\/wp-json\/wp\/v2\/comments?post=447"}],"version-history":[{"count":32,"href":"https:\/\/philatelie-stiftung.ch\/fr\/wp-json\/wp\/v2\/pages\/447\/revisions"}],"predecessor-version":[{"id":954,"href":"https:\/\/philatelie-stiftung.ch\/fr\/wp-json\/wp\/v2\/pages\/447\/revisions\/954"}],"wp:attachment":[{"href":"https:\/\/philatelie-stiftung.ch\/fr\/wp-json\/wp\/v2\/media?parent=447"}],"curies":[{"name":"wp","href":"https:\/\/api.w.org\/{rel}","templated":true}]}}